{"id":12,"date":"2015-06-06T11:53:09","date_gmt":"2015-06-06T17:53:09","guid":{"rendered":"http:\/\/inicio.e-educa.org.mx\/?page_id=12"},"modified":"2015-06-06T11:54:09","modified_gmt":"2015-06-06T17:54:09","slug":"elaboracion-de-material-didactico-con-recursos-educativos-abiertos","status":"publish","type":"page","link":"https:\/\/inicio.e-educa.org.mx\/index.php\/elaboracion-de-material-didactico-con-recursos-educativos-abiertos\/","title":{"rendered":"Elaboraci\u00f3n de Material Did\u00e1ctico con Recursos Educativos Abiertos"},"content":{"rendered":"<p>Lecturas para el curso taller:<\/p>\n<ul>\n<li><a href=\"http:\/\/www.relpe.org\/internet-los-recursos-educativos-abiertos-y-el-movimiento-abierto\/\" target=\"_blank\">REA y el Movimiento Abierto<\/a><\/li>\n<li><a href=\"http:\/\/www.unesco.org\/new\/fileadmin\/MULTIMEDIA\/HQ\/CI\/CI\/pdf\/Events\/Spanish_Paris_OER_Declaration.pdf\" target=\"_blank\">Declaraci\u00f3n de Par\u00eds sobre los Recursos Educativos Abiertos<\/a><\/li>\n<li><a href=\"http:\/\/manarea.webs.ull.es\/articulos\/art17_sitiosweb.pdf\" target=\"_blank\">De los Recursos Educativos abiertos al Material Did\u00e1ctico<\/a><\/li>\n<\/ul>\n","protected":false},"excerpt":{"rendered":"<p>Lecturas para el curso taller: REA y el Movimiento Abierto Declaraci\u00f3n de Par\u00eds sobre los Recursos Educativos Abiertos De los Recursos Educativos abiertos al Material Did\u00e1ctico<\/p>\n","protected":false},"author":1,"featured_media":0,"parent":0,"menu_order":0,"comment_status":"open","ping_status":"closed","template":"content-home.php","meta":{"footnotes":""},"class_list":["post-12","page","type-page","status-publish","hentry"],"_links":{"self":[{"href":"https:\/\/inicio.e-educa.org.mx\/index.php\/wp-json\/wp\/v2\/pages\/12","targetHints":{"allow":["GET"]}}],"collection":[{"href":"https:\/\/inicio.e-educa.org.mx\/index.php\/wp-json\/wp\/v2\/pages"}],"about":[{"href":"https:\/\/inicio.e-educa.org.mx\/index.php\/wp-json\/wp\/v2\/types\/page"}],"author":[{"embeddable":true,"href":"https:\/\/inicio.e-educa.org.mx\/index.php\/wp-json\/wp\/v2\/users\/1"}],"replies":[{"embeddable":true,"href":"https:\/\/inicio.e-educa.org.mx\/index.php\/wp-json\/wp\/v2\/comments?post=12"}],"version-history":[{"count":2,"href":"https:\/\/inicio.e-educa.org.mx\/index.php\/wp-json\/wp\/v2\/pages\/12\/revisions"}],"predecessor-version":[{"id":14,"href":"https:\/\/inicio.e-educa.org.mx\/index.php\/wp-json\/wp\/v2\/pages\/12\/revisions\/14"}],"wp:attachment":[{"href":"https:\/\/inicio.e-educa.org.mx\/index.php\/wp-json\/wp\/v2\/media?parent=12"}],"curies":[{"name":"wp","href":"https:\/\/api.w.org\/{rel}","templated":true}]}}